{"id":5610,"date":"2025-10-24T23:17:13","date_gmt":"2025-10-25T02:17:13","guid":{"rendered":"https:\/\/cicb.com.br\/design2025\/?page_id=5610"},"modified":"2026-03-02T11:55:49","modified_gmt":"2026-03-02T14:55:49","slug":"expositor","status":"publish","type":"page","link":"https:\/\/cicb.com.br\/design2025\/expositor\/","title":{"rendered":"Expositor"},"content":{"rendered":"\t\t<div data-elementor-type=\"wp-page\" data-elementor-id=\"5610\" class=\"elementor elementor-5610\" data-elementor-post-type=\"page\">\n\t\t\t\t<div class=\"elementor-element elementor-element-f88e0bb e-flex e-con-boxed e-con e-parent\" data-id=\"f88e0bb\" data-element_type=\"container\" data-e-type=\"container\">\n\t\t\t\t\t<div class=\"e-con-inner\">\n\t\t\t\t<div class=\"elementor-element elementor-element-fa78572 elementor-widget elementor-widget-heading\" data-id=\"fa78572\" data-element_type=\"widget\" data-e-type=\"widget\" data-widget_type=\"heading.default\">\n\t\t\t\t\t<h1 class=\"elementor-heading-title elementor-size-default\">Regulamento do expositor<\/h1>\t\t\t\t<\/div>\n\t\t\t\t<div class=\"elementor-element elementor-element-cad3025 elementor-widget elementor-widget-text-editor\" data-id=\"cad3025\" data-element_type=\"widget\" data-e-type=\"widget\" data-widget_type=\"text-editor.default\">\n\t\t\t\t\t\t\t\t\t<p><span style=\"font-weight: 400;\">Caro expositor,<\/span><\/p><p><span style=\"font-weight: 400;\">Ser\u00e1 um prazer receb\u00ea-lo em nosso espa\u00e7o. Para garantir uma experi\u00eancia organizada, segura e de excel\u00eancia para todos, \u00e9 fundamental que sejam observadas as orienta\u00e7\u00f5es operacionais do evento.<\/span><\/p>\t\t\t\t\t\t\t\t<\/div>\n\t\t\t\t<div class=\"elementor-element elementor-element-32f8ec9 elementor-widget elementor-widget-button\" data-id=\"32f8ec9\" data-element_type=\"widget\" data-e-type=\"widget\" data-widget_type=\"button.default\">\n\t\t\t\t\t\t\t\t\t\t<a class=\"elementor-button elementor-button-link elementor-size-sm\" href=\"#\">\n\t\t\t\t\t\t<span class=\"elementor-button-content-wrapper\">\n\t\t\t\t\t\t\t\t\t<span class=\"elementor-button-text\">Fa\u00e7a o download agora.<\/span>\n\t\t\t\t\t<\/span>\n\t\t\t\t\t<\/a>\n\t\t\t\t\t\t\t\t<\/div>\n\t\t\t\t\t<\/div>\n\t\t\t\t<\/div>\n\t\t<div class=\"elementor-element elementor-element-9c0273f e-flex e-con-boxed e-con e-parent\" data-id=\"9c0273f\" data-element_type=\"container\" data-e-type=\"container\">\n\t\t\t\t\t<div class=\"e-con-inner\">\n\t\t<div class=\"elementor-element elementor-element-d0eb55d e-con-full e-flex e-con e-child\" data-id=\"d0eb55d\" data-element_type=\"container\" data-e-type=\"container\" data-settings=\"{&quot;background_background&quot;:&quot;classic&quot;}\">\n\t\t<div class=\"elementor-element elementor-element-7729ab8 e-con-full e-flex e-con e-child\" data-id=\"7729ab8\" data-element_type=\"container\" data-e-type=\"container\">\n\t\t\t\t<div class=\"elementor-element elementor-element-6fcb710 elementor-invisible elementor-widget elementor-widget-heading\" data-id=\"6fcb710\" data-element_type=\"widget\" data-e-type=\"widget\" data-settings=\"{&quot;_animation&quot;:&quot;fadeInUp&quot;}\" data-widget_type=\"heading.default\">\n\t\t\t\t\t<h3 class=\"elementor-heading-title elementor-size-default\">Fornecedores credenciados\n<\/h3>\t\t\t\t<\/div>\n\t\t\t\t<div class=\"elementor-element elementor-element-c2b1c98 elementor-invisible elementor-widget elementor-widget-text-editor\" data-id=\"c2b1c98\" data-element_type=\"widget\" data-e-type=\"widget\" data-settings=\"{&quot;_animation&quot;:&quot;fadeInUp&quot;}\" data-widget_type=\"text-editor.default\">\n\t\t\t\t\t\t\t\t\t<p><span style=\"font-weight: 400;\">O Centro de Conven\u00e7\u00f5es trabalha exclusivamente com empresas credenciadas. Todas as contrata\u00e7\u00f5es de servi\u00e7os devem ser realizadas a partir da lista oficial de fornecedores homologados.<\/span><\/p>\t\t\t\t\t\t\t\t<\/div>\n\t\t\t\t<\/div>\n\t\t\t\t<div class=\"elementor-element elementor-element-2a1722b elementor-widget__width-initial elementor-invisible elementor-widget elementor-widget-image\" data-id=\"2a1722b\" data-element_type=\"widget\" data-e-type=\"widget\" data-settings=\"{&quot;_animation&quot;:&quot;fadeIn&quot;}\" data-widget_type=\"image.default\">\n\t\t\t\t\t\t\t\t\t\t\t\t\t\t\t<img fetchpriority=\"high\" decoding=\"async\" width=\"1080\" height=\"1080\" src=\"https:\/\/cicb.com.br\/design2025\/wp-content\/uploads\/2026\/02\/credenciados.webp\" class=\"attachment-full size-full wp-image-12597\" alt=\"\" srcset=\"https:\/\/cicb.com.br\/design2025\/wp-content\/uploads\/2026\/02\/credenciados.webp 1080w, https:\/\/cicb.com.br\/design2025\/wp-content\/uploads\/2026\/02\/credenciados-300x300.webp 300w, https:\/\/cicb.com.br\/design2025\/wp-content\/uploads\/2026\/02\/credenciados-1024x1024.webp 1024w, https:\/\/cicb.com.br\/design2025\/wp-content\/uploads\/2026\/02\/credenciados-150x150.webp 150w, https:\/\/cicb.com.br\/design2025\/wp-content\/uploads\/2026\/02\/credenciados-768x768.webp 768w\" sizes=\"(max-width: 1080px) 100vw, 1080px\" \/>\t\t\t\t\t\t\t\t\t\t\t\t\t\t\t<\/div>\n\t\t\t\t<\/div>\n\t\t<div class=\"elementor-element elementor-element-54071a7 e-con-full e-flex e-con e-child\" data-id=\"54071a7\" data-element_type=\"container\" data-e-type=\"container\" data-settings=\"{&quot;background_background&quot;:&quot;classic&quot;}\">\n\t\t\t\t<div class=\"elementor-element elementor-element-a8e1392 elementor-widget__width-initial elementor-invisible elementor-widget elementor-widget-image\" data-id=\"a8e1392\" data-element_type=\"widget\" data-e-type=\"widget\" data-settings=\"{&quot;_animation&quot;:&quot;fadeIn&quot;}\" data-widget_type=\"image.default\">\n\t\t\t\t\t\t\t\t\t\t\t\t\t\t\t<img decoding=\"async\" width=\"1080\" height=\"1080\" src=\"https:\/\/cicb.com.br\/design2025\/wp-content\/uploads\/2026\/02\/Relacao-.webp\" class=\"attachment-full size-full wp-image-12598\" alt=\"\" srcset=\"https:\/\/cicb.com.br\/design2025\/wp-content\/uploads\/2026\/02\/Relacao-.webp 1080w, https:\/\/cicb.com.br\/design2025\/wp-content\/uploads\/2026\/02\/Relacao--300x300.webp 300w, https:\/\/cicb.com.br\/design2025\/wp-content\/uploads\/2026\/02\/Relacao--1024x1024.webp 1024w, https:\/\/cicb.com.br\/design2025\/wp-content\/uploads\/2026\/02\/Relacao--150x150.webp 150w, https:\/\/cicb.com.br\/design2025\/wp-content\/uploads\/2026\/02\/Relacao--768x768.webp 768w\" sizes=\"(max-width: 1080px) 100vw, 1080px\" \/>\t\t\t\t\t\t\t\t\t\t\t\t\t\t\t<\/div>\n\t\t<div class=\"elementor-element elementor-element-c264adb e-con-full e-flex e-con e-child\" data-id=\"c264adb\" data-element_type=\"container\" data-e-type=\"container\">\n\t\t\t\t<div class=\"elementor-element elementor-element-8a3ea3c elementor-invisible elementor-widget elementor-widget-heading\" data-id=\"8a3ea3c\" data-element_type=\"widget\" data-e-type=\"widget\" data-settings=\"{&quot;_animation&quot;:&quot;fadeInUp&quot;}\" data-widget_type=\"heading.default\">\n\t\t\t\t\t<h3 class=\"elementor-heading-title elementor-size-default\">Rela\u00e7\u00e3o de fornecedores\n<\/h3>\t\t\t\t<\/div>\n\t\t\t\t<div class=\"elementor-element elementor-element-0b8a8f5 elementor-invisible elementor-widget elementor-widget-text-editor\" data-id=\"0b8a8f5\" data-element_type=\"widget\" data-e-type=\"widget\" data-settings=\"{&quot;_animation&quot;:&quot;fadeInUp&quot;}\" data-widget_type=\"text-editor.default\">\n\t\t\t\t\t\t\t\t\t<p><span style=\"font-weight: 400;\">O expositor dever\u00e1 encaminhar \u00e0 organiza\u00e7\u00e3o do evento a rela\u00e7\u00e3o completa de todos os fornecedores contratados, para fins de libera\u00e7\u00e3o de acesso durante o per\u00edodo de montagem.<\/span><\/p>\t\t\t\t\t\t\t\t<\/div>\n\t\t\t\t<\/div>\n\t\t\t\t<\/div>\n\t\t<div class=\"elementor-element elementor-element-a3620a8 e-con-full e-flex e-con e-child\" data-id=\"a3620a8\" data-element_type=\"container\" data-e-type=\"container\" data-settings=\"{&quot;background_background&quot;:&quot;classic&quot;}\">\n\t\t<div class=\"elementor-element elementor-element-bc98b54 e-con-full e-flex e-con e-child\" data-id=\"bc98b54\" data-element_type=\"container\" data-e-type=\"container\">\n\t\t\t\t<div class=\"elementor-element elementor-element-b5319cb elementor-invisible elementor-widget elementor-widget-heading\" data-id=\"b5319cb\" data-element_type=\"widget\" data-e-type=\"widget\" data-settings=\"{&quot;_animation&quot;:&quot;fadeInUp&quot;}\" data-widget_type=\"heading.default\">\n\t\t\t\t\t<h3 class=\"elementor-heading-title elementor-size-default\">Identifica\u00e7\u00e3o obrigat\u00f3ria\n<\/h3>\t\t\t\t<\/div>\n\t\t\t\t<div class=\"elementor-element elementor-element-472cf68 elementor-invisible elementor-widget elementor-widget-text-editor\" data-id=\"472cf68\" data-element_type=\"widget\" data-e-type=\"widget\" data-settings=\"{&quot;_animation&quot;:&quot;fadeInUp&quot;}\" data-widget_type=\"text-editor.default\">\n\t\t\t\t\t\t\t\t\t<p><span style=\"font-weight: 400;\">Todos os expositores, montadores e prestadores de servi\u00e7os dever\u00e3o estar devidamente uniformizados e\/ou portando credencial de identifica\u00e7\u00e3o fornecida pela organiza\u00e7\u00e3o do evento.<\/span><\/p>\t\t\t\t\t\t\t\t<\/div>\n\t\t\t\t<\/div>\n\t\t\t\t<div class=\"elementor-element elementor-element-7089f64 elementor-widget__width-initial elementor-invisible elementor-widget elementor-widget-image\" data-id=\"7089f64\" data-element_type=\"widget\" data-e-type=\"widget\" data-settings=\"{&quot;_animation&quot;:&quot;fadeIn&quot;}\" data-widget_type=\"image.default\">\n\t\t\t\t\t\t\t\t\t\t\t\t\t\t\t<img decoding=\"async\" width=\"1080\" height=\"1080\" src=\"https:\/\/cicb.com.br\/design2025\/wp-content\/uploads\/2026\/02\/Identificacao.webp\" class=\"attachment-full size-full wp-image-12602\" alt=\"\" srcset=\"https:\/\/cicb.com.br\/design2025\/wp-content\/uploads\/2026\/02\/Identificacao.webp 1080w, https:\/\/cicb.com.br\/design2025\/wp-content\/uploads\/2026\/02\/Identificacao-300x300.webp 300w, https:\/\/cicb.com.br\/design2025\/wp-content\/uploads\/2026\/02\/Identificacao-1024x1024.webp 1024w, https:\/\/cicb.com.br\/design2025\/wp-content\/uploads\/2026\/02\/Identificacao-150x150.webp 150w, https:\/\/cicb.com.br\/design2025\/wp-content\/uploads\/2026\/02\/Identificacao-768x768.webp 768w\" sizes=\"(max-width: 1080px) 100vw, 1080px\" \/>\t\t\t\t\t\t\t\t\t\t\t\t\t\t\t<\/div>\n\t\t\t\t<\/div>\n\t\t<div class=\"elementor-element elementor-element-4200694 e-con-full e-flex e-con e-child\" data-id=\"4200694\" data-element_type=\"container\" data-e-type=\"container\" data-settings=\"{&quot;background_background&quot;:&quot;classic&quot;}\">\n\t\t\t\t<div class=\"elementor-element elementor-element-a0e1e62 elementor-widget__width-initial elementor-invisible elementor-widget elementor-widget-image\" data-id=\"a0e1e62\" data-element_type=\"widget\" data-e-type=\"widget\" data-settings=\"{&quot;_animation&quot;:&quot;fadeIn&quot;}\" data-widget_type=\"image.default\">\n\t\t\t\t\t\t\t\t\t\t\t\t\t\t\t<img loading=\"lazy\" decoding=\"async\" width=\"1080\" height=\"1080\" src=\"https:\/\/cicb.com.br\/design2025\/wp-content\/uploads\/2026\/02\/comunicacao.webp\" class=\"attachment-full size-full wp-image-12603\" alt=\"\" srcset=\"https:\/\/cicb.com.br\/design2025\/wp-content\/uploads\/2026\/02\/comunicacao.webp 1080w, https:\/\/cicb.com.br\/design2025\/wp-content\/uploads\/2026\/02\/comunicacao-300x300.webp 300w, https:\/\/cicb.com.br\/design2025\/wp-content\/uploads\/2026\/02\/comunicacao-1024x1024.webp 1024w, https:\/\/cicb.com.br\/design2025\/wp-content\/uploads\/2026\/02\/comunicacao-150x150.webp 150w, https:\/\/cicb.com.br\/design2025\/wp-content\/uploads\/2026\/02\/comunicacao-768x768.webp 768w\" sizes=\"(max-width: 1080px) 100vw, 1080px\" \/>\t\t\t\t\t\t\t\t\t\t\t\t\t\t\t<\/div>\n\t\t<div class=\"elementor-element elementor-element-b268d98 e-con-full e-flex e-con e-child\" data-id=\"b268d98\" data-element_type=\"container\" data-e-type=\"container\">\n\t\t\t\t<div class=\"elementor-element elementor-element-09d017c elementor-invisible elementor-widget elementor-widget-heading\" data-id=\"09d017c\" data-element_type=\"widget\" data-e-type=\"widget\" data-settings=\"{&quot;_animation&quot;:&quot;fadeInUp&quot;}\" data-widget_type=\"heading.default\">\n\t\t\t\t\t<h3 class=\"elementor-heading-title elementor-size-default\">Fluxo de comunica\u00e7\u00e3o\n<\/h3>\t\t\t\t<\/div>\n\t\t\t\t<div class=\"elementor-element elementor-element-bb4d03f elementor-invisible elementor-widget elementor-widget-text-editor\" data-id=\"bb4d03f\" data-element_type=\"widget\" data-e-type=\"widget\" data-settings=\"{&quot;_animation&quot;:&quot;fadeInUp&quot;}\" data-widget_type=\"text-editor.default\">\n\t\t\t\t\t\t\t\t\t<p><span style=\"font-weight: 400;\">Para assegurar clareza e alinhamento das informa\u00e7\u00f5es, o Centro de Conven\u00e7\u00f5es n\u00e3o realiza atendimento direto aos expositores.<\/span><\/p><p><span style=\"font-weight: 400;\">Toda a comunica\u00e7\u00e3o deve ocorrer exclusivamente por meio da organiza\u00e7\u00e3o do evento.<\/span><\/p><p><span style=\"font-weight: 400;\">Cabe \u00e0 organiza\u00e7\u00e3o a responsabilidade integral pelo relacionamento com seus expositores.<\/span><\/p>\t\t\t\t\t\t\t\t<\/div>\n\t\t\t\t<\/div>\n\t\t\t\t<\/div>\n\t\t\t\t\t<\/div>\n\t\t\t\t<\/div>\n\t\t\t\t<\/div>\n\t\t","protected":false},"excerpt":{"rendered":"<p>Regulamento do expositor Caro expositor, Ser\u00e1 um prazer receb\u00ea-lo em nosso espa\u00e7o. Para garantir uma experi\u00eancia organizada, segura e de excel\u00eancia para todos, \u00e9 fundamental que sejam observadas as orienta\u00e7\u00f5es operacionais do evento. Fa\u00e7a o download agora. Fornecedores credenciados O Centro de Conven\u00e7\u00f5es trabalha exclusivamente com empresas credenciadas. Todas as contrata\u00e7\u00f5es de servi\u00e7os devem ser [&hellip;]<\/p>\n","protected":false},"author":3,"featured_media":0,"parent":0,"menu_order":0,"comment_status":"closed","ping_status":"closed","template":"elementor_header_footer","meta":{"inline_featured_image":false,"footnotes":""},"class_list":["post-5610","page","type-page","status-publish","hentry"],"_links":{"self":[{"href":"https:\/\/cicb.com.br\/design2025\/wp-json\/wp\/v2\/pages\/5610","targetHints":{"allow":["GET"]}}],"collection":[{"href":"https:\/\/cicb.com.br\/design2025\/wp-json\/wp\/v2\/pages"}],"about":[{"href":"https:\/\/cicb.com.br\/design2025\/wp-json\/wp\/v2\/types\/page"}],"author":[{"embeddable":true,"href":"https:\/\/cicb.com.br\/design2025\/wp-json\/wp\/v2\/users\/3"}],"replies":[{"embeddable":true,"href":"https:\/\/cicb.com.br\/design2025\/wp-json\/wp\/v2\/comments?post=5610"}],"version-history":[{"count":0,"href":"https:\/\/cicb.com.br\/design2025\/wp-json\/wp\/v2\/pages\/5610\/revisions"}],"wp:attachment":[{"href":"https:\/\/cicb.com.br\/design2025\/wp-json\/wp\/v2\/media?parent=5610"}],"curies":[{"name":"wp","href":"https:\/\/api.w.org\/{rel}","templated":true}]}}